{"id":1806,"date":"2024-06-06T08:01:05","date_gmt":"2024-06-06T08:01:05","guid":{"rendered":"https:\/\/nuriabonet.com\/qui-soc\/"},"modified":"2024-06-19T09:10:32","modified_gmt":"2024-06-19T09:10:32","slug":"quien-soy","status":"publish","type":"page","link":"https:\/\/nuriabonet.com\/es\/quien-soy\/","title":{"rendered":"Qui\u00e9n Soy"},"content":{"rendered":"<div class=\"wpb-content-wrapper\"><p>[vc_row gap=\u00bb35&#8243; bg_type=\u00bbbg_color\u00bb bg_override=\u00bbfull\u00bb css=\u00bb.vc_custom_1718181866726{padding-top: 100px !important;padding-bottom: 10px !important;}\u00bb bg_color_value=\u00bb#9ba993&#8243; el_class=\u00bbrow-serveis\u00bb][vc_column css=\u00bb.vc_custom_1718185090141{padding-top: 40px !important;padding-right: 40px !important;padding-bottom: 40px !important;padding-left: 40px !important;background-color: #20271f !important;border-color: #ffffff !important;}\u00bb offset=\u00bbvc_col-lg-offset-0 vc_col-lg-6&#8243;]<div id=\"ultimate-heading-932369fb7851d75bc\" class=\"uvc-heading ult-adjust-bottom-margin ultimate-heading-932369fb7851d75bc uvc-5351 \" data-hspacer=\"no_spacer\"  data-halign=\"left\" style=\"text-align:left\"><div class=\"uvc-heading-spacer no_spacer\" style=\"top\"><\/div><div class=\"uvc-main-heading ult-responsive\"  data-ultimate-target='.uvc-heading.ultimate-heading-932369fb7851d75bc h1'  data-responsive-json-new='{\"font-size\":\"desktop:60px;\",\"line-height\":\"\"}' ><h1 style=\"--font-weight:theme;color:#ffffff;margin-bottom:20px;\">QUI\u00c9N SOY<\/h1><\/div><\/div>[vc_column_text css=\u00bb\u00bb]Soy N\u00faria Bonet, la persona detr\u00e1s de este proyecto.<br \/>\nLo que me ha llevado hasta aqu\u00ed es una pasi\u00f3n que mantengo desde ni\u00f1a por los idiomas, las culturas y los viajes.<\/p>\n<p>&nbsp;<\/p>\n<p>A la hora de escoger estudios no lo dud\u00e9 ni un segundo y me decant\u00e9 por el mundo de la traducci\u00f3n. Desde entonces han pasado m\u00e1s de veinte a\u00f1os y, despu\u00e9s de recorrer muchos kil\u00f3metros y pa\u00edses, sigo aqu\u00ed con la misma ilusi\u00f3n y pasi\u00f3n, y con un bagaje y una experiencia que me han permitido hacerme un lugar en el sector y especializarme en el mundo de la transcreaci\u00f3n (o traducci\u00f3n creativa), y con una larga trayectoria de proyectos realizados para todo tipo de clientes y agencias de publicidad, tanto del pa\u00eds como internacionales.<\/p>\n<p>&nbsp;<\/p>\n<p>Siempre con ganas de recorrer mundo y volver a casa con la mochila llena de conocimientos. De vocaci\u00f3n creativa y amante del trabajo riguroso. Con la cabeza siempre entre las nubes, pero teniendo los pies en el suelo en todo momento. Amante de las frases hechas y de hablar sin rodeos. Me encanta jugar con las palabras y crear textos llenos de magia.<\/p>\n<p>&nbsp;<\/p>\n<p><a href=\"https:\/\/nuriabonet.com\/es\/contacto\/\">\u00bfHablamos?<br \/>\n<\/a>[\/vc_column_text][\/vc_column][vc_column css=\u00bb.vc_custom_1718185105871{padding-top: 0px !important;padding-right: 0px !important;padding-bottom: 0px !important;padding-left: 0px !important;}\u00bb offset=\u00bbvc_col-lg-offset-0 vc_col-lg-6&#8243;][vc_single_image image=\u00bb1648&#8243; img_size=\u00bbfull\u00bb css=\u00bb.vc_custom_1718091897312{margin-bottom: 0px !important;border-top-width: 1px !important;border-right-width: 1px !important;border-bottom-width: 1px !important;border-left-width: 1px !important;border-left-style: solid !important;border-right-style: solid !important;border-top-style: solid !important;border-bottom-style: solid !important;border-color: #20271f !important;}\u00bb][\/vc_column][\/vc_row][vc_row gap=\u00bb35&#8243; bg_type=\u00bbbg_color\u00bb bg_override=\u00bbfull\u00bb css=\u00bb.vc_custom_1718185270083{padding-top: 0px !important;padding-bottom: 80px !important;}\u00bb bg_color_value=\u00bb#9ba993&#8243; el_class=\u00bbrow-serveis\u00bb][vc_column css=\u00bb.vc_custom_1718185120302{padding-top: 40px !important;padding-right: 40px !important;padding-bottom: 40px !important;padding-left: 40px !important;background-color: #20271f !important;border-color: #ffffff !important;}\u00bb offset=\u00bbvc_col-lg-offset-0 vc_col-lg-6&#8243;]<div id=\"ultimate-heading-811369fb7851d7642\" class=\"uvc-heading ult-adjust-bottom-margin ultimate-heading-811369fb7851d7642 uvc-5696 \" data-hspacer=\"no_spacer\"  data-halign=\"left\" style=\"text-align:left\"><div class=\"uvc-heading-spacer no_spacer\" style=\"top\"><\/div><div class=\"uvc-main-heading ult-responsive\"  data-ultimate-target='.uvc-heading.ultimate-heading-811369fb7851d7642 h3'  data-responsive-json-new='{\"font-size\":\"desktop:60px;\",\"line-height\":\"\"}' ><h3 style=\"--font-weight:theme;color:#ffffff;margin-bottom:20px;\">RESUME<\/h3><\/div><\/div>[vc_column_text css=\u00bb\u00bb]Formaci\u00f3n:<br \/>\n<span style=\"font-weight: 400;\">&#8211;\u00a0 Licenciada en Traducci\u00f3n e Interpretaci\u00f3n (ingl\u00e9s, franc\u00e9s e italiano). Universitat Aut\u00f2noma de Barcelona (2002)<\/span><\/p>\n<p>&nbsp;<\/p>\n<p><span style=\"font-weight: 400;\">&#8211; Postgrado en Correcci\u00f3n y Asesoramiento Ling\u00fc\u00edstico en catal\u00e1n. Universitat Aut\u00f2noma de Barcelona (2002)<\/span><\/p>\n<p>&nbsp;<\/p>\n<p>Experiencia:<br \/>\n&#8211; Desde 2007 &#8211; Transcreadora, traductora, correctora y directora de doblaje freelance<br \/>\n<a href=\"http:\/\/www.nuriabonet.com\/es\"><span style=\"font-weight: 400;\">www.nuriabonet.com<\/span><\/a><span style=\"font-weight: 400;\">\u00a0 \/ <\/span><a href=\"http:\/\/www.lexikostrad.com\" target=\"_blank\" rel=\"noopener\"><span style=\"font-weight: 400;\">www.lexikostrad.com<\/span><\/a><\/p>\n<p>&nbsp;<\/p>\n<p><span style=\"font-weight: 400;\">&#8211; Cofundadora, traductora, correctora y gestora de proyectos<br \/>\n<\/span><span style=\"font-weight: 400;\">Intel\u00b7lego Serveis Ling\u00fc\u00edstics, Manlleu, Barcelona<\/span><\/p>\n<p>&nbsp;<\/p>\n<p><span style=\"font-weight: 400;\">&#8211; 2001 &#8211; Traductora, correctora, webmaster <\/span>Council of Europe, European Centre for Modern Languages, Graz, Austria<br \/>\n<span style=\"font-weight: 400;\">Ganadora de dos becas para el proyecto Jaling<br \/>\n<\/span><a href=\"http:\/\/jaling.ecml.at\" target=\"_blank\" rel=\"noopener\"><span style=\"font-weight: 400;\">http:\/\/jaling.ecml.at<\/span><\/a><\/p>\n<p>&nbsp;<\/p>\n<p><span style=\"font-weight: 400;\">Socia de <\/span><span style=\"font-weight: 400;\">APTIC<\/span><span style=\"font-weight: 400;\"> (Associaci\u00f3 Professional de Traductors i Int\u00e8rprets de Catalunya)<br \/>\n<\/span><span style=\"font-weight: 400;\">Socia de <\/span><span style=\"font-weight: 400;\">ASETRAD<\/span><span style=\"font-weight: 400;\"> (Asociaci\u00f3n Espa\u00f1ola de Traductores, Correctores e Int\u00e9rpretes)<\/span>[\/vc_column_text]<style type=\"text\/css\" data-type=\"the7_shortcodes-inline-css\">.dt-shortcode-icon.icon-8dc916b31d216c6551fa7275df556c22 {\n  min-width: 64px;\n  min-height: 64px;\n  font-size: 26px;\n  border-radius: 100px;\n}\n.dt-shortcode-icon.icon-8dc916b31d216c6551fa7275df556c22:last-child {\n  margin-right: 0;\n}\n.dt-shortcode-icon.icon-8dc916b31d216c6551fa7275df556c22 .icon-inner {\n  margin: 0px;\n  min-width: 64px;\n  min-height: 64px;\n  border-radius: 100px;\n}\n.dt-shortcode-icon.icon-8dc916b31d216c6551fa7275df556c22 .dt-hover-icon {\n  line-height: 64px;\n}\n.dt-shortcode-icon.icon-8dc916b31d216c6551fa7275df556c22:before,\n.dt-shortcode-icon.icon-8dc916b31d216c6551fa7275df556c22:after,\n.dt-shortcode-icon.icon-8dc916b31d216c6551fa7275df556c22 .icon-inner:before,\n.dt-shortcode-icon.icon-8dc916b31d216c6551fa7275df556c22 .icon-inner:after {\n  min-width: 100%;\n  min-height: 100%;\n  padding: inherit;\n  border-radius: inherit;\n}\n.dt-shortcode-icon.icon-8dc916b31d216c6551fa7275df556c22.dt-icon-border-on:before {\n  border-width: 0px;\n  border-style: solid;\n  border-color: #ffffff;\n}\n.dt-icon-border-dashed.dt-shortcode-icon.icon-8dc916b31d216c6551fa7275df556c22.dt-icon-border-on:before {\n  border-style: dashed;\n}\n.dt-icon-border-dotted.dt-shortcode-icon.icon-8dc916b31d216c6551fa7275df556c22.dt-icon-border-on:before {\n  border-style: dotted;\n}\n.dt-icon-border-double.dt-shortcode-icon.icon-8dc916b31d216c6551fa7275df556c22.dt-icon-border-on:before {\n  border-style: double;\n}\n.dt-shortcode-icon.icon-8dc916b31d216c6551fa7275df556c22.dt-icon-hover-border-on:after {\n  border-width: 0px;\n  border-style: solid;\n}\n.dt-icon-border-dashed.dt-shortcode-icon.icon-8dc916b31d216c6551fa7275df556c22.dt-icon-hover-border-on:after {\n  border-style: dashed;\n}\n.dt-icon-border-dotted.dt-shortcode-icon.icon-8dc916b31d216c6551fa7275df556c22.dt-icon-hover-border-on:after {\n  border-style: dotted;\n}\n.dt-icon-border-double.dt-shortcode-icon.icon-8dc916b31d216c6551fa7275df556c22.dt-icon-hover-border-on:after {\n  border-style: double;\n}\n.dt-shortcode-icon.icon-8dc916b31d216c6551fa7275df556c22.dt-icon-hover-on:hover {\n  font-size: 26px;\n}\n#page .dt-shortcode-icon.icon-8dc916b31d216c6551fa7275df556c22.dt-icon-hover-on:hover .soc-font-icon,\n#phantom .dt-shortcode-icon.icon-8dc916b31d216c6551fa7275df556c22.dt-icon-hover-on:hover .soc-font-icon,\n#page .dt-shortcode-icon.icon-8dc916b31d216c6551fa7275df556c22.dt-icon-hover-on:hover .soc-icon,\n#phantom .dt-shortcode-icon.icon-8dc916b31d216c6551fa7275df556c22.dt-icon-hover-on:hover .soc-icon {\n  color: rgba(255,255,255,0.75);\n  background: none;\n}\n#page .dt-shortcode-icon.icon-8dc916b31d216c6551fa7275df556c22.dt-icon-hover-on:not(:hover) .soc-font-icon,\n#phantom .dt-shortcode-icon.icon-8dc916b31d216c6551fa7275df556c22.dt-icon-hover-on:not(:hover) .soc-font-icon,\n#page .dt-shortcode-icon.icon-8dc916b31d216c6551fa7275df556c22.dt-icon-hover-on:not(:hover) .soc-icon,\n#phantom .dt-shortcode-icon.icon-8dc916b31d216c6551fa7275df556c22.dt-icon-hover-on:not(:hover) .soc-icon,\n#page .dt-shortcode-icon.icon-8dc916b31d216c6551fa7275df556c22.dt-icon-hover-off .soc-font-icon,\n#phantom .dt-shortcode-icon.icon-8dc916b31d216c6551fa7275df556c22.dt-icon-hover-off .soc-font-icon,\n#page .dt-shortcode-icon.icon-8dc916b31d216c6551fa7275df556c22.dt-icon-hover-off .soc-icon,\n#phantom .dt-shortcode-icon.icon-8dc916b31d216c6551fa7275df556c22.dt-icon-hover-off .soc-icon {\n  color: #ffffff;\n  background: none;\n}\n.dt-shortcode-icon.icon-8dc916b31d216c6551fa7275df556c22 .soc-font-icon,\n.dt-shortcode-icon.icon-8dc916b31d216c6551fa7275df556c22 .soc-icon {\n  font-size: 26px;\n}<\/style><div class=\"dt-shortcode-icon-wrap  \"><a title=\"\" href=\"https:\/\/www.linkedin.com\/in\/nuriabonet\/\" target=\"_blank\" class=\"anchor-link fab fa-linkedin icon-8dc916b31d216c6551fa7275df556c22 dt-shortcode-icon dt-icon-bg-on dt-icon-border-on dt-icon-hover-border-on dt-icon-hover-on dt-icon-hover-bg-on  \" rel=\"noopener\"><span class=\"icon-inner\"><i class=\"dt-regular-icon soc-icon fab fa-linkedin\"><\/i><i class=\"dt-hover-icon soc-icon fab fa-linkedin\"><\/i><span class=\"screen-reader-text\"><\/span><\/span><\/a><\/div>[\/vc_column][vc_column css=\u00bb.vc_custom_1718185147706{padding-top: 0px !important;padding-right: 0px !important;padding-bottom: 0px !important;padding-left: 0px !important;}\u00bb offset=\u00bbvc_col-lg-offset-0 vc_col-lg-6&#8243;][\/vc_column][\/vc_row]<\/p>\n<\/div>","protected":false},"excerpt":{"rendered":"<p>[vc_row gap=\u00bb35&#8243; bg_type=\u00bbbg_color\u00bb bg_override=\u00bbfull\u00bb css=\u00bb.vc_custom_1718181866726{padding-top: 100px !important;padding-bottom: 10px !important;}\u00bb bg_color_value=\u00bb#9ba993&#8243; el_class=\u00bbrow-serveis\u00bb][vc_column css=\u00bb.vc_custom_1718185090141{padding-top: 40px !important;padding-right: 40px !important;padding-bottom: 40px !important;padding-left: 40px !important;background-color: #20271f !important;border-color: #ffffff !important;}\u00bb offset=\u00bbvc_col-lg-offset-0 vc_col-lg-6&#8243;][vc_column_text css=\u00bb\u00bb]Soy N\u00faria Bonet, la persona detr\u00e1s de este proyecto. Lo que me ha llevado hasta aqu\u00ed es una pasi\u00f3n que mantengo desde ni\u00f1a por los idiomas, las culturas y&hellip;<\/p>\n","protected":false},"author":2,"featured_media":0,"parent":0,"menu_order":0,"comment_status":"closed","ping_status":"closed","template":"","meta":{"footnotes":""},"class_list":["post-1806","page","type-page","status-publish","hentry","description-off"],"_links":{"self":[{"href":"https:\/\/nuriabonet.com\/es\/wp-json\/wp\/v2\/pages\/1806","targetHints":{"allow":["GET"]}}],"collection":[{"href":"https:\/\/nuriabonet.com\/es\/wp-json\/wp\/v2\/pages"}],"about":[{"href":"https:\/\/nuriabonet.com\/es\/wp-json\/wp\/v2\/types\/page"}],"author":[{"embeddable":true,"href":"https:\/\/nuriabonet.com\/es\/wp-json\/wp\/v2\/users\/2"}],"replies":[{"embeddable":true,"href":"https:\/\/nuriabonet.com\/es\/wp-json\/wp\/v2\/comments?post=1806"}],"version-history":[{"count":8,"href":"https:\/\/nuriabonet.com\/es\/wp-json\/wp\/v2\/pages\/1806\/revisions"}],"predecessor-version":[{"id":2008,"href":"https:\/\/nuriabonet.com\/es\/wp-json\/wp\/v2\/pages\/1806\/revisions\/2008"}],"wp:attachment":[{"href":"https:\/\/nuriabonet.com\/es\/wp-json\/wp\/v2\/media?parent=1806"}],"curies":[{"name":"wp","href":"https:\/\/api.w.org\/{rel}","templated":true}]}}