{"id":1800,"date":"2024-06-11T15:06:39","date_gmt":"2024-06-11T15:06:39","guid":{"rendered":"https:\/\/nuriabonet.com\/home\/"},"modified":"2024-06-20T09:51:52","modified_gmt":"2024-06-20T09:51:52","slug":"home","status":"publish","type":"page","link":"https:\/\/nuriabonet.com\/es\/","title":{"rendered":"Home"},"content":{"rendered":"<div class=\"wpb-content-wrapper\"><p>[vc_row full_width=\u00bbstretch_row_content\u00bb full_height=\u00bbyes\u00bb columns_placement=\u00bbbottom\u00bb equal_height=\u00bbyes\u00bb content_placement=\u00bbmiddle\u00bb bg_type=\u00bbvideo\u00bb video_url=\u00bbhttps:\/\/nuriabonet.com\/wp-content\/uploads\/2024\/06\/home-nuria-bonet-3.mp4&#8243; video_opts=\u00bbloop,muted\u00bb bg_override=\u00bbex-full\u00bb css=\u00bb.vc_custom_1718877108771{padding-top: 0px !important;padding-bottom: 0px !important;}\u00bb][vc_column css_animation=\u00bbnone\u00bb width=\u00bb2\/3&#8243; css=\u00bb.vc_custom_1718179024109{padding-top: 150px !important;padding-right: 30px !important;padding-bottom: 50px !important;padding-left: 50px !important;background-position: center !important;background-repeat: no-repeat !important;background-size: cover !important;}\u00bb el_class=\u00bbhigher-z-index\u00bb offset=\u00bbvc_col-lg-7 vc_col-md-7 vc_col-xs-12&#8243;]<div id=\"ultimate-heading-991469fb8822e79bb\" class=\"uvc-heading ult-adjust-bottom-margin ultimate-heading-991469fb8822e79bb uvc-4546 border-fix\" data-hspacer=\"no_spacer\"  data-halign=\"left\" style=\"text-align:left\"><div class=\"uvc-heading-spacer no_spacer\" style=\"top\"><\/div><div class=\"uvc-main-heading ult-responsive\"  data-ultimate-target='.uvc-heading.ultimate-heading-991469fb8822e79bb h1'  data-responsive-json-new='{\"font-size\":\"desktop:40px;tablet:32px;tablet_portrait:28px;mobile_landscape:25px;mobile:22px;\",\"line-height\":\"\"}' ><h1 style=\"--font-weight:theme;color:#ffffff;margin-bottom:25px;\">\u00abPongo palabras a tus ideas\u00bb<\/h1><\/div><div class=\"uvc-sub-heading ult-responsive\"  data-ultimate-target='.uvc-heading.ultimate-heading-991469fb8822e79bb .uvc-sub-heading '  data-responsive-json-new='{\"font-size\":\"desktop:20px;tablet:19px;tablet_portrait:18px;mobile_landscape:17px;mobile:15px;\",\"line-height\":\"\"}'  style=\"font-weight:normal;color:#ffffff;margin-bottom:25px;\">Transcreaci\u00f3n y servicios ling\u00fc\u00edsticos<br \/>\nIngl\u00e9s &gt; catal\u00e1n y castellano<\/div><\/div><style type=\"text\/css\" data-type=\"the7_shortcodes-inline-css\">#default-btn-20d422eba4cb81cd3e7a8c68eecf442b {\n  border-radius: 1px;\n  font-size: 18px;\n  line-height: 20px;\n}\n.btn-shadow#default-btn-20d422eba4cb81cd3e7a8c68eecf442b {\n  box-shadow: 0 1px 6px rgba(0,0,0,0.12);\n  transition: box-shadow 0.2s ease-out, opacity 0.45s;\n}\n.btn-shadow#default-btn-20d422eba4cb81cd3e7a8c68eecf442b:hover {\n  box-shadow: 0 5px 11px 0 rgba(0,0,0,0.18), 0 4px 15px 0 rgba(0,0,0,0.15);\n}\n.btn-3d#default-btn-20d422eba4cb81cd3e7a8c68eecf442b {\n  box-shadow: 0px 2px 0px 0px #080808;\n}\n.btn-3d#default-btn-20d422eba4cb81cd3e7a8c68eecf442b:hover {\n  box-shadow: 0px 2px 0px 0px #e0e0e0;\n}\n.btn-flat#default-btn-20d422eba4cb81cd3e7a8c68eecf442b {\n  box-shadow: none;\n}\n.btn-flat#default-btn-20d422eba4cb81cd3e7a8c68eecf442b:hover {\n  box-shadow: none;\n}\n#default-btn-20d422eba4cb81cd3e7a8c68eecf442b.ico-right-side > i {\n  margin-right: 0px;\n  margin-left: 8px;\n}\n#default-btn-20d422eba4cb81cd3e7a8c68eecf442b > i {\n  margin-right: 8px;\n  font-size: 16px;\n}\n#default-btn-20d422eba4cb81cd3e7a8c68eecf442b:not(:hover) {\n  border-width: 0px;\n  border-color: #232c22 !important;\n  background: #232c22 !important;\n  padding: 16px 34px 18px 34px;\n}\n#default-btn-20d422eba4cb81cd3e7a8c68eecf442b:hover {\n  border-width: 0px;\n  border-color: #232c22 !important;\n  color: #232c22;\n  background: #ffffff !important;\n  padding: 16px 34px 18px 34px;\n}\n#default-btn-20d422eba4cb81cd3e7a8c68eecf442b:hover * {\n  color: #232c22;\n}\n#default-btn-20d422eba4cb81cd3e7a8c68eecf442b.ico-right-side > i {\n  margin-right: 0px;\n  margin-left: 8px;\n}\n#default-btn-20d422eba4cb81cd3e7a8c68eecf442b > i {\n  margin-right: 8px;\n}<\/style><a href=\"https:\/\/nuriabonet.com\/es\/contacto\/\" class=\"default-btn-shortcode dt-btn link-hover-off btn-inline-left btn-flat \" id=\"default-btn-20d422eba4cb81cd3e7a8c68eecf442b\"><span>\u00bfPuedo ayudarte?<\/span><\/a>[\/vc_column][\/vc_row]<\/p>\n<\/div>","protected":false},"excerpt":{"rendered":"<p>[vc_row full_width=\u00bbstretch_row_content\u00bb full_height=\u00bbyes\u00bb columns_placement=\u00bbbottom\u00bb equal_height=\u00bbyes\u00bb content_placement=\u00bbmiddle\u00bb bg_type=\u00bbvideo\u00bb video_url=\u00bbhttps:\/\/nuriabonet.com\/wp-content\/uploads\/2024\/06\/home-nuria-bonet-3.mp4&#8243; video_opts=\u00bbloop,muted\u00bb bg_override=\u00bbex-full\u00bb css=\u00bb.vc_custom_1718877108771{padding-top: 0px !important;padding-bottom: 0px !important;}\u00bb][vc_column css_animation=\u00bbnone\u00bb width=\u00bb2\/3&#8243; css=\u00bb.vc_custom_1718179024109{padding-top: 150px !important;padding-right: 30px !important;padding-bottom: 50px !important;padding-left: 50px !important;background-position: center !important;background-repeat: no-repeat !important;background-size: cover !important;}\u00bb el_class=\u00bbhigher-z-index\u00bb offset=\u00bbvc_col-lg-7 vc_col-md-7 vc_col-xs-12&#8243;][\/vc_column][\/vc_row]<\/p>\n","protected":false},"author":2,"featured_media":0,"parent":0,"menu_order":0,"comment_status":"closed","ping_status":"closed","template":"template-microsite.php","meta":{"footnotes":""},"class_list":["post-1800","page","type-page","status-publish","hentry","description-off"],"_links":{"self":[{"href":"https:\/\/nuriabonet.com\/es\/wp-json\/wp\/v2\/pages\/1800","targetHints":{"allow":["GET"]}}],"collection":[{"href":"https:\/\/nuriabonet.com\/es\/wp-json\/wp\/v2\/pages"}],"about":[{"href":"https:\/\/nuriabonet.com\/es\/wp-json\/wp\/v2\/types\/page"}],"author":[{"embeddable":true,"href":"https:\/\/nuriabonet.com\/es\/wp-json\/wp\/v2\/users\/2"}],"replies":[{"embeddable":true,"href":"https:\/\/nuriabonet.com\/es\/wp-json\/wp\/v2\/comments?post=1800"}],"version-history":[{"count":9,"href":"https:\/\/nuriabonet.com\/es\/wp-json\/wp\/v2\/pages\/1800\/revisions"}],"predecessor-version":[{"id":2107,"href":"https:\/\/nuriabonet.com\/es\/wp-json\/wp\/v2\/pages\/1800\/revisions\/2107"}],"wp:attachment":[{"href":"https:\/\/nuriabonet.com\/es\/wp-json\/wp\/v2\/media?parent=1800"}],"curies":[{"name":"wp","href":"https:\/\/api.w.org\/{rel}","templated":true}]}}