{"id":1690,"date":"2024-06-11T15:06:39","date_gmt":"2024-06-11T15:06:39","guid":{"rendered":"https:\/\/nuriabonet.com\/?page_id=1690"},"modified":"2024-09-30T10:11:48","modified_gmt":"2024-09-30T10:11:48","slug":"home","status":"publish","type":"page","link":"https:\/\/nuriabonet.com\/ca\/","title":{"rendered":"Home"},"content":{"rendered":"<div class=\"wpb-content-wrapper\"><p>[vc_row full_width=&#8221;stretch_row_content&#8221; full_height=&#8221;yes&#8221; columns_placement=&#8221;bottom&#8221; equal_height=&#8221;yes&#8221; content_placement=&#8221;middle&#8221; bg_type=&#8221;video&#8221; video_url=&#8221;https:\/\/nuriabonet.com\/wp-content\/uploads\/2024\/06\/home-nuria-bonet-3.mp4&#8243; video_opts=&#8221;loop,muted&#8221; bg_override=&#8221;ex-full&#8221; css=&#8221;.vc_custom_1718877083539{padding-top: 0px !important;padding-bottom: 0px !important;}&#8221;][vc_column css_animation=&#8221;none&#8221; width=&#8221;2\/3&#8243; css=&#8221;.vc_custom_1718179024109{padding-top: 150px !important;padding-right: 30px !important;padding-bottom: 50px !important;padding-left: 50px !important;background-position: center !important;background-repeat: no-repeat !important;background-size: cover !important;}&#8221; el_class=&#8221;higher-z-index&#8221; offset=&#8221;vc_col-lg-7 vc_col-md-7 vc_col-xs-12&#8243;]<div id=\"ultimate-heading-861569fb878d25729\" class=\"uvc-heading ult-adjust-bottom-margin ultimate-heading-861569fb878d25729 uvc-8540 border-fix\" data-hspacer=\"no_spacer\"  data-halign=\"left\" style=\"text-align:left\"><div class=\"uvc-heading-spacer no_spacer\" style=\"top\"><\/div><div class=\"uvc-main-heading ult-responsive\"  data-ultimate-target='.uvc-heading.ultimate-heading-861569fb878d25729 h1'  data-responsive-json-new='{\"font-size\":\"desktop:40px;tablet:32px;tablet_portrait:28px;mobile_landscape:25px;mobile:22px;\",\"line-height\":\"\"}' ><h1 style=\"--font-weight:theme;color:#ffffff;margin-bottom:25px;\">\u00abPoso paraules a les teves idees\u00bb<\/h1><\/div><div class=\"uvc-sub-heading ult-responsive\"  data-ultimate-target='.uvc-heading.ultimate-heading-861569fb878d25729 .uvc-sub-heading '  data-responsive-json-new='{\"font-size\":\"desktop:20px;tablet:19px;tablet_portrait:18px;mobile_landscape:17px;mobile:15px;\",\"line-height\":\"\"}'  style=\"font-weight:normal;color:#ffffff;margin-bottom:25px;\">Transcreaci\u00f3 i serveis ling\u00fc\u00edstics<br \/>\nAngl\u00e8s &gt; catal\u00e0 i castell\u00e0<\/div><\/div><style type=\"text\/css\" data-type=\"the7_shortcodes-inline-css\">#default-btn-c972b15ebdab59e19bb2066c6c0934d0 {\n  border-radius: 1px;\n  font-size: 18px;\n  line-height: 20px;\n}\n.btn-shadow#default-btn-c972b15ebdab59e19bb2066c6c0934d0 {\n  box-shadow: 0 1px 6px rgba(0,0,0,0.12);\n  transition: box-shadow 0.2s ease-out, opacity 0.45s;\n}\n.btn-shadow#default-btn-c972b15ebdab59e19bb2066c6c0934d0:hover {\n  box-shadow: 0 5px 11px 0 rgba(0,0,0,0.18), 0 4px 15px 0 rgba(0,0,0,0.15);\n}\n.btn-3d#default-btn-c972b15ebdab59e19bb2066c6c0934d0 {\n  box-shadow: 0px 2px 0px 0px #080808;\n}\n.btn-3d#default-btn-c972b15ebdab59e19bb2066c6c0934d0:hover {\n  box-shadow: 0px 2px 0px 0px #e0e0e0;\n}\n.btn-flat#default-btn-c972b15ebdab59e19bb2066c6c0934d0 {\n  box-shadow: none;\n}\n.btn-flat#default-btn-c972b15ebdab59e19bb2066c6c0934d0:hover {\n  box-shadow: none;\n}\n#default-btn-c972b15ebdab59e19bb2066c6c0934d0.ico-right-side > i {\n  margin-right: 0px;\n  margin-left: 8px;\n}\n#default-btn-c972b15ebdab59e19bb2066c6c0934d0 > i {\n  margin-right: 8px;\n  font-size: 16px;\n}\n#default-btn-c972b15ebdab59e19bb2066c6c0934d0:not(:hover) {\n  border-width: 0px;\n  border-color: #232c22 !important;\n  background: #232c22 !important;\n  padding: 16px 34px 18px 34px;\n}\n#default-btn-c972b15ebdab59e19bb2066c6c0934d0:hover {\n  border-width: 0px;\n  border-color: #232c22 !important;\n  color: #232c22;\n  background: #ffffff !important;\n  padding: 16px 34px 18px 34px;\n}\n#default-btn-c972b15ebdab59e19bb2066c6c0934d0:hover * {\n  color: #232c22;\n}\n#default-btn-c972b15ebdab59e19bb2066c6c0934d0.ico-right-side > i {\n  margin-right: 0px;\n  margin-left: 8px;\n}\n#default-btn-c972b15ebdab59e19bb2066c6c0934d0 > i {\n  margin-right: 8px;\n}<\/style><a href=\"https:\/\/nuriabonet.com\/ca\/contacte\/\" class=\"default-btn-shortcode dt-btn link-hover-off btn-inline-left btn-flat \" id=\"default-btn-c972b15ebdab59e19bb2066c6c0934d0\" title=\"Contacte\"><span>Et puc ajudar?<\/span><\/a>[\/vc_column][\/vc_row]<\/p>\n<\/div>","protected":false},"excerpt":{"rendered":"<p>[vc_row full_width=&#8221;stretch_row_content&#8221; full_height=&#8221;yes&#8221; columns_placement=&#8221;bottom&#8221; equal_height=&#8221;yes&#8221; content_placement=&#8221;middle&#8221; bg_type=&#8221;video&#8221; video_url=&#8221;https:\/\/nuriabonet.com\/wp-content\/uploads\/2024\/06\/home-nuria-bonet-3.mp4&#8243; video_opts=&#8221;loop,muted&#8221; bg_override=&#8221;ex-full&#8221; css=&#8221;.vc_custom_1718877083539{padding-top: 0px !important;padding-bottom: 0px !important;}&#8221;][vc_column css_animation=&#8221;none&#8221; width=&#8221;2\/3&#8243; css=&#8221;.vc_custom_1718179024109{padding-top: 150px !important;padding-right: 30px !important;padding-bottom: 50px !important;padding-left: 50px !important;background-position: center !important;background-repeat: no-repeat !important;background-size: cover !important;}&#8221; el_class=&#8221;higher-z-index&#8221; offset=&#8221;vc_col-lg-7 vc_col-md-7 vc_col-xs-12&#8243;][\/vc_column][\/vc_row]<\/p>\n","protected":false},"author":2,"featured_media":0,"parent":0,"menu_order":0,"comment_status":"closed","ping_status":"closed","template":"template-microsite.php","meta":{"footnotes":""},"class_list":["post-1690","page","type-page","status-publish","hentry","description-off"],"_links":{"self":[{"href":"https:\/\/nuriabonet.com\/ca\/wp-json\/wp\/v2\/pages\/1690","targetHints":{"allow":["GET"]}}],"collection":[{"href":"https:\/\/nuriabonet.com\/ca\/wp-json\/wp\/v2\/pages"}],"about":[{"href":"https:\/\/nuriabonet.com\/ca\/wp-json\/wp\/v2\/types\/page"}],"author":[{"embeddable":true,"href":"https:\/\/nuriabonet.com\/ca\/wp-json\/wp\/v2\/users\/2"}],"replies":[{"embeddable":true,"href":"https:\/\/nuriabonet.com\/ca\/wp-json\/wp\/v2\/comments?post=1690"}],"version-history":[{"count":47,"href":"https:\/\/nuriabonet.com\/ca\/wp-json\/wp\/v2\/pages\/1690\/revisions"}],"predecessor-version":[{"id":2106,"href":"https:\/\/nuriabonet.com\/ca\/wp-json\/wp\/v2\/pages\/1690\/revisions\/2106"}],"wp:attachment":[{"href":"https:\/\/nuriabonet.com\/ca\/wp-json\/wp\/v2\/media?parent=1690"}],"curies":[{"name":"wp","href":"https:\/\/api.w.org\/{rel}","templated":true}]}}