{"id":1462,"date":"2024-06-06T09:34:07","date_gmt":"2024-06-06T09:34:07","guid":{"rendered":"https:\/\/nuriabonet.com\/?page_id=1462"},"modified":"2024-06-18T14:33:15","modified_gmt":"2024-06-18T14:33:15","slug":"projectes","status":"publish","type":"page","link":"https:\/\/nuriabonet.com\/ca\/projectes\/","title":{"rendered":"Projectes"},"content":{"rendered":"<div class=\"wpb-content-wrapper\"><p>[vc_row gap=&#8221;20&#8243; bg_type=&#8221;bg_color&#8221; bg_override=&#8221;full&#8221; css=&#8221;.vc_custom_1718185002419{padding-top: 100px !important;padding-bottom: 10px !important;}&#8221; bg_color_value=&#8221;#9ba993&#8243; el_class=&#8221;row-serveis&#8221;][vc_column css=&#8221;.vc_custom_1718265775465{padding-top: 0px !important;padding-right: 0px !important;padding-bottom: 0px !important;padding-left: 0px !important;border-color: #ffffff !important;}&#8221; offset=&#8221;vc_col-lg-offset-0 vc_col-lg-4&#8243;][vc_single_image image=&#8221;1553&#8243; img_size=&#8221;full&#8221; alignment=&#8221;center&#8221; css=&#8221;.vc_custom_1718092635691{margin-bottom: 30px !important;}&#8221;]<div id=\"ultimate-heading-494169fb872721f1e\" class=\"uvc-heading ult-adjust-bottom-margin ultimate-heading-494169fb872721f1e uvc-6323 \" data-hspacer=\"no_spacer\"  data-halign=\"center\" style=\"text-align:center\"><div class=\"uvc-heading-spacer no_spacer\" style=\"top\"><\/div><div class=\"uvc-main-heading ult-responsive\"  data-ultimate-target='.uvc-heading.ultimate-heading-494169fb872721f1e h3'  data-responsive-json-new='{\"font-size\":\"desktop:31px;\",\"line-height\":\"\"}' ><h3 style=\"--font-weight:theme;color:#20271f;margin-bottom:20px;\">THE METROPOLITAN OPERA, NOVA YORK<\/h3><\/div><\/div>[vc_column_text css=&#8221;&#8221;]<\/p>\n<h5 style=\"text-align: center;\">Adaptaci\u00f3 subt\u00edtols en castell\u00e0 per a les \u00f2peres de les temporades 2021-22, 2022-23, 2023-24<\/h5>\n<p>[\/vc_column_text][\/vc_column][vc_column css=&#8221;.vc_custom_1718265846516{padding-top: 0px !important;padding-right: 0px !important;padding-bottom: 0px !important;padding-left: 0px !important;}&#8221; offset=&#8221;vc_col-lg-offset-0 vc_col-lg-4&#8243;][vc_single_image image=&#8221;1554&#8243; img_size=&#8221;full&#8221; alignment=&#8221;center&#8221; onclick=&#8221;custom_link&#8221; img_link_target=&#8221;_blank&#8221; css=&#8221;.vc_custom_1718092630807{margin-bottom: 30px !important;}&#8221; link=&#8221;https:\/\/www.nike.com\/es\/ca\/&#8221;]<div id=\"ultimate-heading-995769fb872721faf\" class=\"uvc-heading ult-adjust-bottom-margin ultimate-heading-995769fb872721faf uvc-8182 \" data-hspacer=\"no_spacer\"  data-halign=\"center\" style=\"text-align:center\"><div class=\"uvc-heading-spacer no_spacer\" style=\"top\"><\/div><div class=\"uvc-main-heading ult-responsive\"  data-ultimate-target='.uvc-heading.ultimate-heading-995769fb872721faf h3'  data-responsive-json-new='{\"font-size\":\"desktop:31px;\",\"line-height\":\"\"}' ><h3 style=\"--font-weight:theme;color:#20271f;margin-bottom:20px;\">NIKE<\/h3><\/div><\/div>[vc_column_text css=&#8221;&#8221;]<\/p>\n<h5 style=\"text-align: center;\">Revisi\u00f3 dels textos en catal\u00e0 per a la p\u00e0gina webde Nike (descripcions de producte, textos editorials, B2C.<\/h5>\n<p>[\/vc_column_text][\/vc_column][vc_column css=&#8221;.vc_custom_1718265860843{padding-top: 0px !important;padding-right: 0px !important;padding-bottom: 0px !important;padding-left: 0px !important;}&#8221; offset=&#8221;vc_col-lg-offset-0 vc_col-lg-4&#8243;][vc_single_image image=&#8221;1555&#8243; img_size=&#8221;full&#8221; alignment=&#8221;center&#8221; onclick=&#8221;custom_link&#8221; img_link_target=&#8221;_blank&#8221; css=&#8221;.vc_custom_1718092620705{margin-bottom: 30px !important;}&#8221; link=&#8221;https:\/\/www.youtube.com\/watch?v=AiagDDhTt9Y&#8221;]<div id=\"ultimate-heading-132069fb87272201c\" class=\"uvc-heading ult-adjust-bottom-margin ultimate-heading-132069fb87272201c uvc-3581 \" data-hspacer=\"no_spacer\"  data-halign=\"center\" style=\"text-align:center\"><div class=\"uvc-heading-spacer no_spacer\" style=\"top\"><\/div><div class=\"uvc-main-heading ult-responsive\"  data-ultimate-target='.uvc-heading.ultimate-heading-132069fb87272201c h3'  data-responsive-json-new='{\"font-size\":\"desktop:31px;\",\"line-height\":\"\"}' ><h3 style=\"--font-weight:theme;color:#20271f;margin-bottom:20px;\">AMAZON<\/h3><\/div><\/div>[vc_column_text css=&#8221;&#8221;]<\/p>\n<h5 style=\"text-align: center;\">Transcreaci\u00f3 de campanyes publicit\u00e0ries (Prime Day, Black Friday, Nadal) al catal\u00e0 i castell\u00e0. Direcci\u00f3 de doblatge per a anuncis de TV i r\u00e0dio.<\/h5>\n<p>[\/vc_column_text][\/vc_column][\/vc_row][vc_row gap=&#8221;20&#8243; bg_type=&#8221;bg_color&#8221; bg_override=&#8221;full&#8221; css=&#8221;.vc_custom_1718185010101{padding-top: 0px !important;padding-bottom: 10px !important;}&#8221; bg_color_value=&#8221;#9ba993&#8243; el_class=&#8221;row-serveis&#8221;][vc_column css=&#8221;.vc_custom_1718265875374{padding-top: 0px !important;padding-right: 0px !important;padding-bottom: 0px !important;padding-left: 0px !important;border-color: #ffffff !important;}&#8221; offset=&#8221;vc_col-lg-offset-0 vc_col-lg-4&#8243;][vc_single_image image=&#8221;1556&#8243; img_size=&#8221;full&#8221; alignment=&#8221;center&#8221; css=&#8221;.vc_custom_1718092643090{margin-bottom: 30px !important;}&#8221;]<div id=\"ultimate-heading-146369fb872722080\" class=\"uvc-heading ult-adjust-bottom-margin ultimate-heading-146369fb872722080 uvc-9359 \" data-hspacer=\"no_spacer\"  data-halign=\"center\" style=\"text-align:center\"><div class=\"uvc-heading-spacer no_spacer\" style=\"top\"><\/div><div class=\"uvc-main-heading ult-responsive\"  data-ultimate-target='.uvc-heading.ultimate-heading-146369fb872722080 h3'  data-responsive-json-new='{\"font-size\":\"desktop:31px;\",\"line-height\":\"\"}' ><h3 style=\"--font-weight:theme;color:#20271f;margin-bottom:20px;\">THE COCA-COLA COMPANY<\/h3><\/div><\/div>[vc_column_text css=&#8221;&#8221;]<\/p>\n<h5 style=\"text-align: center;\">Transcreaci\u00f3 d\u2019esl\u00f2gans per a campanyes publicit\u00e0ries en catal\u00e0 i castell\u00e0.<\/h5>\n<p>[\/vc_column_text][\/vc_column][vc_column css=&#8221;.vc_custom_1718265887593{padding-top: 0px !important;padding-right: 0px !important;padding-bottom: 0px !important;padding-left: 0px !important;}&#8221; offset=&#8221;vc_col-lg-offset-0 vc_col-lg-4&#8243;][vc_single_image image=&#8221;1557&#8243; img_size=&#8221;full&#8221; alignment=&#8221;center&#8221; onclick=&#8221;custom_link&#8221; img_link_target=&#8221;_blank&#8221; css=&#8221;.vc_custom_1718092650112{margin-bottom: 30px !important;}&#8221; link=&#8221;https:\/\/www.youtube.com\/watch?v=6ZERsGrWUHk&#8221;]<div id=\"ultimate-heading-257969fb8727220e1\" class=\"uvc-heading ult-adjust-bottom-margin ultimate-heading-257969fb8727220e1 uvc-6640 \" data-hspacer=\"no_spacer\"  data-halign=\"center\" style=\"text-align:center\"><div class=\"uvc-heading-spacer no_spacer\" style=\"top\"><\/div><div class=\"uvc-main-heading ult-responsive\"  data-ultimate-target='.uvc-heading.ultimate-heading-257969fb8727220e1 h3'  data-responsive-json-new='{\"font-size\":\"desktop:31px;\",\"line-height\":\"\"}' ><h3 style=\"--font-weight:theme;color:#20271f;margin-bottom:20px;\">DOVE<\/h3><\/div><\/div>[vc_column_text css=&#8221;&#8221;]<\/p>\n<h5 style=\"text-align: center;\">Transcreaci\u00f3 d\u2019anuncis televisius i direcci\u00f3 del doblatge.<\/h5>\n<p>[\/vc_column_text][\/vc_column][vc_column css=&#8221;.vc_custom_1718265908235{padding-top: 0px !important;padding-right: 0px !important;padding-bottom: 0px !important;padding-left: 0px !important;}&#8221; offset=&#8221;vc_col-lg-offset-0 vc_col-lg-4&#8243;][vc_single_image image=&#8221;1558&#8243; img_size=&#8221;full&#8221; alignment=&#8221;center&#8221; onclick=&#8221;custom_link&#8221; img_link_target=&#8221;_blank&#8221; css=&#8221;.vc_custom_1718092656024{margin-bottom: 30px !important;}&#8221; link=&#8221;http:\/\/www.youtube.com\/@SkyShowtimeYT#&#8221;]<div id=\"ultimate-heading-392169fb87272213f\" class=\"uvc-heading ult-adjust-bottom-margin ultimate-heading-392169fb87272213f uvc-9451 \" data-hspacer=\"no_spacer\"  data-halign=\"center\" style=\"text-align:center\"><div class=\"uvc-heading-spacer no_spacer\" style=\"top\"><\/div><div class=\"uvc-main-heading ult-responsive\"  data-ultimate-target='.uvc-heading.ultimate-heading-392169fb87272213f h3'  data-responsive-json-new='{\"font-size\":\"desktop:31px;\",\"line-height\":\"\"}' ><h3 style=\"--font-weight:theme;color:#20271f;margin-bottom:20px;\">SKY SHOWTIME<\/h3><\/div><\/div>[vc_column_text css=&#8221;&#8221;]<\/p>\n<h5 style=\"text-align: center;\">Revisi\u00f3 de subt\u00edtols per als tr\u00e0ilers de s\u00e8ries i pel\u00b7l\u00edcules.<\/h5>\n<p>[\/vc_column_text][\/vc_column][\/vc_row][vc_row gap=&#8221;20&#8243; bg_type=&#8221;bg_color&#8221; bg_override=&#8221;full&#8221; css=&#8221;.vc_custom_1717668079075{padding-top: 0px !important;padding-bottom: 10px !important;}&#8221; bg_color_value=&#8221;#9ba993&#8243; el_class=&#8221;row-serveis&#8221;][vc_column css=&#8221;.vc_custom_1718265927615{padding-top: 0px !important;padding-right: 0px !important;padding-bottom: 0px !important;padding-left: 0px !important;border-color: #ffffff !important;}&#8221; offset=&#8221;vc_col-lg-offset-0 vc_col-lg-4&#8243;][vc_single_image image=&#8221;1559&#8243; img_size=&#8221;full&#8221; alignment=&#8221;center&#8221; onclick=&#8221;custom_link&#8221; img_link_target=&#8221;_blank&#8221; css=&#8221;.vc_custom_1718092663842{margin-bottom: 30px !important;}&#8221; link=&#8221;http:\/\/www.youtube.com\/watch?v=SErNZJumbak&amp;list=PLv06IS2RVHF1HOnQ5i0asd5xFYhq7LV0j&amp;index=43&#8243;]<div id=\"ultimate-heading-376369fb87272219e\" class=\"uvc-heading ult-adjust-bottom-margin ultimate-heading-376369fb87272219e uvc-4384 \" data-hspacer=\"no_spacer\"  data-halign=\"center\" style=\"text-align:center\"><div class=\"uvc-heading-spacer no_spacer\" style=\"top\"><\/div><div class=\"uvc-main-heading ult-responsive\"  data-ultimate-target='.uvc-heading.ultimate-heading-376369fb87272219e h3'  data-responsive-json-new='{\"font-size\":\"desktop:31px;\",\"line-height\":\"\"}' ><h3 style=\"--font-weight:theme;color:#20271f;margin-bottom:20px;\">PRIME VIDEO<\/h3><\/div><\/div>[vc_column_text css=&#8221;&#8221;]<\/p>\n<h5 style=\"text-align: center;\">Revisi\u00f3 de subt\u00edtols per als tr\u00e0ilers de s\u00e8ries i pel\u00b7l\u00edcules.<\/h5>\n<p>[\/vc_column_text][\/vc_column][vc_column css=&#8221;.vc_custom_1718265949468{padding-top: 0px !important;padding-right: 0px !important;padding-bottom: 0px !important;padding-left: 0px !important;}&#8221; offset=&#8221;vc_col-lg-offset-0 vc_col-lg-4&#8243;][vc_single_image image=&#8221;1560&#8243; img_size=&#8221;full&#8221; alignment=&#8221;center&#8221; onclick=&#8221;custom_link&#8221; img_link_target=&#8221;_blank&#8221; css=&#8221;.vc_custom_1718092669850{margin-bottom: 30px !important;}&#8221; link=&#8221;http:\/\/www.museuemporda.org\/exposicions\/vacances-amb-franco\/?_gl=1*e8plju*_up*MQ..*_ga*OTQ2NDk0MDg0LjE3MTUxNjE0ODI.*_ga_6CN4FCXGQ6*MTcxNTE2MTQ4Mi4xLjEuMTcxNTE2MTQ5Mi4wLjAuNjgxOTQ3MTQ3&#8243;]<div id=\"ultimate-heading-811769fb8727221fc\" class=\"uvc-heading ult-adjust-bottom-margin ultimate-heading-811769fb8727221fc uvc-2623 \" data-hspacer=\"no_spacer\"  data-halign=\"center\" style=\"text-align:center\"><div class=\"uvc-heading-spacer no_spacer\" style=\"top\"><\/div><div class=\"uvc-main-heading ult-responsive\"  data-ultimate-target='.uvc-heading.ultimate-heading-811769fb8727221fc h3'  data-responsive-json-new='{\"font-size\":\"desktop:31px;\",\"line-height\":\"\"}' ><h3 style=\"--font-weight:theme;color:#20271f;margin-bottom:20px;\">MUSEU DE L\u2019EMPORD\u00c0<\/h3><\/div><\/div>[vc_column_text css=&#8221;&#8221;]<\/p>\n<h5 style=\"text-align: center;\">Traducci\u00f3 de publicacions, textos per a exposicions i gesti\u00f3 de projectes multiling\u00fces.<\/h5>\n<p>[\/vc_column_text][\/vc_column][vc_column css=&#8221;.vc_custom_1718265962952{padding-top: 0px !important;padding-right: 0px !important;padding-bottom: 0px !important;padding-left: 0px !important;}&#8221; offset=&#8221;vc_col-lg-offset-0 vc_col-lg-4&#8243;][vc_single_image image=&#8221;1561&#8243; img_size=&#8221;full&#8221; alignment=&#8221;center&#8221; onclick=&#8221;custom_link&#8221; img_link_target=&#8221;_blank&#8221; css=&#8221;.vc_custom_1718092676701{margin-bottom: 30px !important;}&#8221; link=&#8221;http:\/\/https:\/\/www.meta.com\/es\/quest\/products\/quest-2\/&#8221;]<div id=\"ultimate-heading-551169fb872722258\" class=\"uvc-heading ult-adjust-bottom-margin ultimate-heading-551169fb872722258 uvc-3261 \" data-hspacer=\"no_spacer\"  data-halign=\"center\" style=\"text-align:center\"><div class=\"uvc-heading-spacer no_spacer\" style=\"top\"><\/div><div class=\"uvc-main-heading ult-responsive\"  data-ultimate-target='.uvc-heading.ultimate-heading-551169fb872722258 h3'  data-responsive-json-new='{\"font-size\":\"desktop:31px;\",\"line-height\":\"\"}' ><h3 style=\"--font-weight:theme;color:#20271f;margin-bottom:20px;\">META<\/h3><\/div><\/div>[vc_column_text css=&#8221;&#8221;]<\/p>\n<h5 style=\"text-align: center;\">Traducci\u00f3 i revisi\u00f3 de continguts B2C, p\u00e0gina web per a Meta Quest.<\/h5>\n<p>[\/vc_column_text][\/vc_column][\/vc_row][vc_row gap=&#8221;20&#8243; bg_type=&#8221;bg_color&#8221; bg_override=&#8221;full&#8221; css=&#8221;.vc_custom_1717676108749{padding-top: 0px !important;padding-bottom: 80px !important;}&#8221; bg_color_value=&#8221;#9ba993&#8243; el_class=&#8221;row-serveis&#8221;][vc_column css=&#8221;.vc_custom_1718265986129{padding-top: 0px !important;padding-right: 0px !important;padding-bottom: 0px !important;padding-left: 0px !important;border-color: #ffffff !important;}&#8221; offset=&#8221;vc_col-lg-offset-0 vc_col-lg-4&#8243;][vc_single_image image=&#8221;1562&#8243; img_size=&#8221;full&#8221; alignment=&#8221;center&#8221; onclick=&#8221;custom_link&#8221; img_link_target=&#8221;_blank&#8221; css=&#8221;.vc_custom_1718092683433{margin-bottom: 30px !important;}&#8221; link=&#8221;http:\/\/youtube.com\/shorts\/OyFlqHJrKQE?si=GxALlLjOQB8G4_HF&#8221;]<div id=\"ultimate-heading-136669fb8727222b5\" class=\"uvc-heading ult-adjust-bottom-margin ultimate-heading-136669fb8727222b5 uvc-7946 \" data-hspacer=\"no_spacer\"  data-halign=\"center\" style=\"text-align:center\"><div class=\"uvc-heading-spacer no_spacer\" style=\"top\"><\/div><div class=\"uvc-main-heading ult-responsive\"  data-ultimate-target='.uvc-heading.ultimate-heading-136669fb8727222b5 h3'  data-responsive-json-new='{\"font-size\":\"desktop:31px;\",\"line-height\":\"\"}' ><h3 style=\"--font-weight:theme;color:#20271f;margin-bottom:20px;\">KLM<\/h3><\/div><\/div>[vc_column_text css=&#8221;&#8221;]<\/p>\n<h5 style=\"text-align: center;\">Transcreaci\u00f3 de subt\u00edtols per a v\u00eddeo promocional.<\/h5>\n<p>[\/vc_column_text][\/vc_column][vc_column css=&#8221;.vc_custom_1718265998864{padding-top: 0px !important;padding-right: 0px !important;padding-bottom: 0px !important;padding-left: 0px !important;}&#8221; offset=&#8221;vc_col-lg-offset-0 vc_col-lg-4&#8243;][vc_single_image image=&#8221;1563&#8243; img_size=&#8221;full&#8221; alignment=&#8221;center&#8221; css=&#8221;.vc_custom_1718092688033{margin-bottom: 30px !important;}&#8221;]<div id=\"ultimate-heading-462469fb872722313\" class=\"uvc-heading ult-adjust-bottom-margin ultimate-heading-462469fb872722313 uvc-8137 \" data-hspacer=\"no_spacer\"  data-halign=\"center\" style=\"text-align:center\"><div class=\"uvc-heading-spacer no_spacer\" style=\"top\"><\/div><div class=\"uvc-main-heading ult-responsive\"  data-ultimate-target='.uvc-heading.ultimate-heading-462469fb872722313 h3'  data-responsive-json-new='{\"font-size\":\"desktop:31px;\",\"line-height\":\"\"}' ><h3 style=\"--font-weight:theme;color:#20271f;margin-bottom:-15px;\">ENGINYERS INDUSTRIALS DE CATALUNYA<\/h3><\/div><\/div>[vc_column_text css=&#8221;&#8221;]<\/p>\n<h5 style=\"text-align: center;\">Revisi\u00f3 i traducci\u00f3 de publicacions digitals i escrites. Revisi\u00f3 de l\u2019anuari <em>Fulls d\u2019Enginyeria<\/em>. doblatge.<\/h5>\n<p>[\/vc_column_text][\/vc_column][vc_column css=&#8221;.vc_custom_1718266016676{padding-top: 0px !important;padding-right: 0px !important;padding-bottom: 0px !important;padding-left: 0px !important;}&#8221; offset=&#8221;vc_col-lg-offset-0 vc_col-lg-4&#8243;][vc_single_image image=&#8221;1564&#8243; img_size=&#8221;full&#8221; alignment=&#8221;center&#8221; onclick=&#8221;custom_link&#8221; img_link_target=&#8221;_blank&#8221; css=&#8221;.vc_custom_1718092693565{margin-bottom: 30px !important;}&#8221; link=&#8221;http:\/\/youtu.be\/rQT-EK1xrlA?si=C1zlmRF8zyBmN3W6&#8243;]<div id=\"ultimate-heading-897669fb872722369\" class=\"uvc-heading ult-adjust-bottom-margin ultimate-heading-897669fb872722369 uvc-9403 \" data-hspacer=\"no_spacer\"  data-halign=\"center\" style=\"text-align:center\"><div class=\"uvc-heading-spacer no_spacer\" style=\"top\"><\/div><div class=\"uvc-main-heading ult-responsive\"  data-ultimate-target='.uvc-heading.ultimate-heading-897669fb872722369 h3'  data-responsive-json-new='{\"font-size\":\"desktop:31px;\",\"line-height\":\"\"}' ><h3 style=\"--font-weight:theme;color:#20271f;margin-bottom:20px;\">MAGNUM<\/h3><\/div><\/div>[vc_column_text css=&#8221;&#8221;]<\/p>\n<h5 style=\"text-align: center;\">Transcreaci\u00f3 i direcci\u00f3 de doblatge per a diverses campanyes.<\/h5>\n<p>[\/vc_column_text][\/vc_column][\/vc_row][vc_row][vc_column][vc_raw_js]JTNDc2NyaXB0JTNFJTBBalF1ZXJ5JTI4d2luZG93JTI5LmJpbmQlMjglMjJsb2FkJTIwcmVzaXplJTIyJTJDZnVuY3Rpb24lMjhlJTI5JTdCJTBBJTA5alF1ZXJ5JTI4JTIyLnJvdy1zZXJ2ZWlzJTIwLnV2Yy1oZWFkaW5nJTIyJTI5LmNzcyUyOCUyMmhlaWdodCUyMiUyQyUyMiUyMiUyOSUzQiUwQSUwOWlmJTI4alF1ZXJ5JTI4d2luZG93JTI5LndpZHRoJTI4JTI5JTNFJTNEMTIwMCUyOSU3QiUwQSUwOSUwOXZhciUyMGNvbHMlM0QzJTNCJTBBJTA5JTA5dmFyJTIwaSUzRDElM0IlMEElMDklMDl2YXIlMjBqJTNEMCUzQiUwQSUwOSUwOXZhciUyMGhpZ2hlc3RCb3glMjAlM0QlMjAwJTNCJTBBJTA5JTA5alF1ZXJ5JTI4JTI3LnJvdy1zZXJ2ZWlzJTIwLnV2Yy1oZWFkaW5nJTI3JTI5LmVhY2glMjhmdW5jdGlvbiUyOCUyOSU3QiUyMCUwQSUwOSUwOSUwOWlmJTI4alF1ZXJ5JTI4dGhpcyUyOS5oZWlnaHQlMjglMjklMjAlM0UlMjBoaWdoZXN0Qm94JTI5JTIwJTdCJTBBJTA5JTA5JTA5JTA5aGlnaGVzdEJveCUyMCUzRCUyMGpRdWVyeSUyOHRoaXMlMjkuaGVpZ2h0JTI4JTI5JTNCJTBBJTA5JTA5JTA5JTdEJTBBJTA5JTA5JTA5aSUyQiUyQiUzQiUwQSUwOSUwOSUwOWlmJTI4aSUzRWNvbHMlMjklN0IlMEElMDklMDklMDklMDlmb3IlMjAlMjhsZXQlMjBrJTIwJTNEJTIwMCUzQiUyMGslMjAlM0MlMjBjb2xzJTNCJTIwayUyQiUyQiUyOSUyMCU3QiUwQSUwOSUwOSUwOSUwOSUwOWpRdWVyeSUyOCUyNy5yb3ctc2VydmVpcyUyMC51dmMtaGVhZGluZyUyNyUyOS5lcSUyOCUyOCUyOGolMkFjb2xzJTI5JTJCayUyOSUyOS5oZWlnaHQlMjhoaWdoZXN0Qm94JTI5JTNCJTBBJTA5JTA5JTA5JTA5JTdEJTBBJTA5JTA5JTA5JTA5aGlnaGVzdEJveCUyMCUzRCUyMDAlM0IlMEElMDklMDklMDklMDlpJTNEMSUzQiUwQSUwOSUwOSUwOSUwOWolMkIlMkIlM0IlMEElMDklMDklMDklN0QlMjAlMjAlMjAlMjAlMEElMDklMDklN0QlMjklM0IlMEElMDklN0QlMEElN0QlMjklM0IlMEElM0MlMkZzY3JpcHQlM0U=[\/vc_raw_js][\/vc_column][\/vc_row]<\/p>\n<\/div>","protected":false},"excerpt":{"rendered":"<p>[vc_row gap=&#8221;20&#8243; bg_type=&#8221;bg_color&#8221; bg_override=&#8221;full&#8221; css=&#8221;.vc_custom_1718185002419{padding-top: 100px !important;padding-bottom: 10px !important;}&#8221; bg_color_value=&#8221;#9ba993&#8243; el_class=&#8221;row-serveis&#8221;][vc_column css=&#8221;.vc_custom_1718265775465{padding-top: 0px !important;padding-right: 0px !important;padding-bottom: 0px !important;padding-left: 0px !important;border-color: #ffffff !important;}&#8221; offset=&#8221;vc_col-lg-offset-0 vc_col-lg-4&#8243;][vc_single_image image=&#8221;1553&#8243; img_size=&#8221;full&#8221; alignment=&#8221;center&#8221; css=&#8221;.vc_custom_1718092635691{margin-bottom: 30px !important;}&#8221;][vc_column_text css=&#8221;&#8221;] Adaptaci\u00f3 subt\u00edtols en castell\u00e0 per a les \u00f2peres de les temporades 2021-22, 2022-23, 2023-24 [\/vc_column_text][\/vc_column][vc_column css=&#8221;.vc_custom_1718265846516{padding-top: 0px !important;padding-right: 0px !important;padding-bottom: 0px !important;padding-left: 0px !important;}&#8221;&hellip;<\/p>\n","protected":false},"author":2,"featured_media":0,"parent":0,"menu_order":0,"comment_status":"closed","ping_status":"closed","template":"","meta":{"footnotes":""},"class_list":["post-1462","page","type-page","status-publish","hentry","description-off"],"_links":{"self":[{"href":"https:\/\/nuriabonet.com\/ca\/wp-json\/wp\/v2\/pages\/1462","targetHints":{"allow":["GET"]}}],"collection":[{"href":"https:\/\/nuriabonet.com\/ca\/wp-json\/wp\/v2\/pages"}],"about":[{"href":"https:\/\/nuriabonet.com\/ca\/wp-json\/wp\/v2\/types\/page"}],"author":[{"embeddable":true,"href":"https:\/\/nuriabonet.com\/ca\/wp-json\/wp\/v2\/users\/2"}],"replies":[{"embeddable":true,"href":"https:\/\/nuriabonet.com\/ca\/wp-json\/wp\/v2\/comments?post=1462"}],"version-history":[{"count":53,"href":"https:\/\/nuriabonet.com\/ca\/wp-json\/wp\/v2\/pages\/1462\/revisions"}],"predecessor-version":[{"id":1954,"href":"https:\/\/nuriabonet.com\/ca\/wp-json\/wp\/v2\/pages\/1462\/revisions\/1954"}],"wp:attachment":[{"href":"https:\/\/nuriabonet.com\/ca\/wp-json\/wp\/v2\/media?parent=1462"}],"curies":[{"name":"wp","href":"https:\/\/api.w.org\/{rel}","templated":true}]}}