{"id":1430,"date":"2024-06-06T08:01:05","date_gmt":"2024-06-06T08:01:05","guid":{"rendered":"https:\/\/nuriabonet.com\/?page_id=1430"},"modified":"2024-06-19T09:09:57","modified_gmt":"2024-06-19T09:09:57","slug":"qui-soc","status":"publish","type":"page","link":"https:\/\/nuriabonet.com\/ca\/qui-soc\/","title":{"rendered":"Qui soc"},"content":{"rendered":"<div class=\"wpb-content-wrapper\"><p>[vc_row gap=&#8221;35&#8243; bg_type=&#8221;bg_color&#8221; bg_override=&#8221;full&#8221; css=&#8221;.vc_custom_1718181866726{padding-top: 100px !important;padding-bottom: 10px !important;}&#8221; bg_color_value=&#8221;#9ba993&#8243; el_class=&#8221;row-serveis&#8221;][vc_column css=&#8221;.vc_custom_1718185090141{padding-top: 40px !important;padding-right: 40px !important;padding-bottom: 40px !important;padding-left: 40px !important;background-color: #20271f !important;border-color: #ffffff !important;}&#8221; offset=&#8221;vc_col-lg-offset-0 vc_col-lg-6&#8243;]<div id=\"ultimate-heading-238369fb784b9cb7a\" class=\"uvc-heading ult-adjust-bottom-margin ultimate-heading-238369fb784b9cb7a uvc-9969 \" data-hspacer=\"no_spacer\"  data-halign=\"left\" style=\"text-align:left\"><div class=\"uvc-heading-spacer no_spacer\" style=\"top\"><\/div><div class=\"uvc-main-heading ult-responsive\"  data-ultimate-target='.uvc-heading.ultimate-heading-238369fb784b9cb7a h1'  data-responsive-json-new='{\"font-size\":\"desktop:60px;\",\"line-height\":\"\"}' ><h1 style=\"--font-weight:theme;color:#ffffff;margin-bottom:20px;\">QUI SOC<\/h1><\/div><\/div>[vc_column_text css=&#8221;&#8221;]Soc la N\u00faria Bonet, la persona darrere d\u2019aquest projecte.<br \/>\nEl que m\u2019ha portat fins aqu\u00ed \u00e9s una passi\u00f3, des de ben petita, per als idiomes, per a les cultures i els viatges.<\/p>\n<p>&nbsp;<\/p>\n<p>A l\u2019hora de triar estudis no ho vaig dubtar ni un segon i em vaig decantar pel m\u00f3n de la traducci\u00f3. Des d\u2019aleshores han passat m\u00e9s de vint anys, i despr\u00e9s de rec\u00f3rrer molts quil\u00f2metres i pa\u00efsos, segueixo aqu\u00ed amb la mateixa il\u00b7lusi\u00f3 i passi\u00f3, per\u00f2 amb un bagatge i una experi\u00e8ncia que m\u2019han perm\u00e8s fer-me un lloc en el sector i especialitzar-me en el m\u00f3n de la transcreaci\u00f3 (o traducci\u00f3 creativa) i amb una llarga traject\u00f2ria de projectes realitzats per a tota classe de clients i ag\u00e8ncies de publicitat, tant del pa\u00eds com internacionals.<\/p>\n<p>&nbsp;<\/p>\n<p>Sempre amb ganes de rec\u00f3rrer m\u00f3n i tornar a casa amb la motxilla plena de coneixements. De vocaci\u00f3 creativa i amant del treball rigor\u00f3s. Amb el cap sempre entre els n\u00favols, per\u00f2 tocant de peus a terra en tot moment. Amant de les frases fetes i de parlar sense embuts. M\u2019encanta jugar amb les paraules i crear textos plens de m\u00e0gia.<\/p>\n<p>&nbsp;<\/p>\n<p><a href=\"https:\/\/nuriabonet.com\/ca\/contacte\/\">Parlem?<\/a>[\/vc_column_text][\/vc_column][vc_column css=&#8221;.vc_custom_1718185105871{padding-top: 0px !important;padding-right: 0px !important;padding-bottom: 0px !important;padding-left: 0px !important;}&#8221; offset=&#8221;vc_col-lg-offset-0 vc_col-lg-6&#8243;][vc_single_image image=&#8221;1648&#8243; img_size=&#8221;full&#8221; css=&#8221;.vc_custom_1718091897312{margin-bottom: 0px !important;border-top-width: 1px !important;border-right-width: 1px !important;border-bottom-width: 1px !important;border-left-width: 1px !important;border-left-style: solid !important;border-right-style: solid !important;border-top-style: solid !important;border-bottom-style: solid !important;border-color: #20271f !important;}&#8221;][\/vc_column][\/vc_row][vc_row gap=&#8221;35&#8243; bg_type=&#8221;bg_color&#8221; bg_override=&#8221;full&#8221; css=&#8221;.vc_custom_1718185270083{padding-top: 0px !important;padding-bottom: 80px !important;}&#8221; bg_color_value=&#8221;#9ba993&#8243; el_class=&#8221;row-serveis&#8221;][vc_column css=&#8221;.vc_custom_1718185120302{padding-top: 40px !important;padding-right: 40px !important;padding-bottom: 40px !important;padding-left: 40px !important;background-color: #20271f !important;border-color: #ffffff !important;}&#8221; offset=&#8221;vc_col-lg-offset-0 vc_col-lg-6&#8243;]<div id=\"ultimate-heading-104469fb784b9cc7f\" class=\"uvc-heading ult-adjust-bottom-margin ultimate-heading-104469fb784b9cc7f uvc-6665 \" data-hspacer=\"no_spacer\"  data-halign=\"left\" style=\"text-align:left\"><div class=\"uvc-heading-spacer no_spacer\" style=\"top\"><\/div><div class=\"uvc-main-heading ult-responsive\"  data-ultimate-target='.uvc-heading.ultimate-heading-104469fb784b9cc7f h3'  data-responsive-json-new='{\"font-size\":\"desktop:60px;\",\"line-height\":\"\"}' ><h3 style=\"--font-weight:theme;color:#ffffff;margin-bottom:20px;\">CV<\/h3><\/div><\/div>[vc_column_text css=&#8221;&#8221;]Formaci\u00f3:<br \/>\n<span style=\"font-weight: 400;\">&#8211;\u00a0 Llicenciada en Traducci\u00f3 i Interpretaci\u00f3 (angl\u00e8s, franc\u00e8s i itali\u00e0). Universitat Aut\u00f2noma de Barcelona (2002)<\/span><\/p>\n<p>&nbsp;<\/p>\n<p><span style=\"font-weight: 400;\">&#8211; Postgrau en Correcci\u00f3 i Assessorament Ling\u00fc\u00edstic. Universitat Aut\u00f2noma de Barcelona (2002)<\/span><\/p>\n<p>&nbsp;<\/p>\n<p>Experi\u00e8ncia:<br \/>\n&#8211; Des de 2007 &#8211; Transcreadora, traductora, correctora i directora de doblatge freelance<br \/>\n<a href=\"http:\/\/www.nuriabonet.com\"><span style=\"font-weight: 400;\">www.nuriabonet.com<\/span><\/a><span style=\"font-weight: 400;\">\u00a0 \/ <\/span><a href=\"http:\/\/www.lexikostrad.com\" target=\"_blank\" rel=\"noopener\"><span style=\"font-weight: 400;\">www.lexikostrad.com<\/span><\/a><\/p>\n<p>&nbsp;<\/p>\n<p><span style=\"font-weight: 400;\">&#8211; 2004-07 &#8211; Cofundadora, traductora, correctora i gestora de projectes<br \/>\n<\/span><span style=\"font-weight: 400;\">Intel\u00b7lego Serveis Ling\u00fc\u00edstics, Manlleu, Barcelona<\/span><\/p>\n<p>&nbsp;<\/p>\n<p><span style=\"font-weight: 400;\">&#8211; 2001 &#8211; Traductora, correctora, webmaster <\/span>Council of Europe, European Centre for Modern Languages, Graz, \u00c0ustria<br \/>\n<span style=\"font-weight: 400;\">Guanyadora de dues beques per al projecte Jaling<br \/>\n<\/span><a href=\"http:\/\/jaling.ecml.at\" target=\"_blank\" rel=\"noopener\"><span style=\"font-weight: 400;\">http:\/\/jaling.ecml.at<\/span><\/a><\/p>\n<p>&nbsp;<\/p>\n<p><span style=\"font-weight: 400;\">S\u00f2cia d\u2019<\/span><span style=\"font-weight: 400;\">APTIC<\/span><span style=\"font-weight: 400;\"> (Associaci\u00f3 Professional de Traductors i Int\u00e8rprets de Catalunya)<br \/>\n<\/span><span style=\"font-weight: 400;\">S\u00f2cia d\u2019<\/span><span style=\"font-weight: 400;\">ASETRAD<\/span><span style=\"font-weight: 400;\"> (Asociaci\u00f3n Espa\u00f1ola de Traductores, Correctores e Int\u00e9rpretes)<\/span>[\/vc_column_text]<style type=\"text\/css\" data-type=\"the7_shortcodes-inline-css\">.dt-shortcode-icon.icon-8dc916b31d216c6551fa7275df556c22 {\n  min-width: 64px;\n  min-height: 64px;\n  font-size: 26px;\n  border-radius: 100px;\n}\n.dt-shortcode-icon.icon-8dc916b31d216c6551fa7275df556c22:last-child {\n  margin-right: 0;\n}\n.dt-shortcode-icon.icon-8dc916b31d216c6551fa7275df556c22 .icon-inner {\n  margin: 0px;\n  min-width: 64px;\n  min-height: 64px;\n  border-radius: 100px;\n}\n.dt-shortcode-icon.icon-8dc916b31d216c6551fa7275df556c22 .dt-hover-icon {\n  line-height: 64px;\n}\n.dt-shortcode-icon.icon-8dc916b31d216c6551fa7275df556c22:before,\n.dt-shortcode-icon.icon-8dc916b31d216c6551fa7275df556c22:after,\n.dt-shortcode-icon.icon-8dc916b31d216c6551fa7275df556c22 .icon-inner:before,\n.dt-shortcode-icon.icon-8dc916b31d216c6551fa7275df556c22 .icon-inner:after {\n  min-width: 100%;\n  min-height: 100%;\n  padding: inherit;\n  border-radius: inherit;\n}\n.dt-shortcode-icon.icon-8dc916b31d216c6551fa7275df556c22.dt-icon-border-on:before {\n  border-width: 0px;\n  border-style: solid;\n  border-color: #ffffff;\n}\n.dt-icon-border-dashed.dt-shortcode-icon.icon-8dc916b31d216c6551fa7275df556c22.dt-icon-border-on:before {\n  border-style: dashed;\n}\n.dt-icon-border-dotted.dt-shortcode-icon.icon-8dc916b31d216c6551fa7275df556c22.dt-icon-border-on:before {\n  border-style: dotted;\n}\n.dt-icon-border-double.dt-shortcode-icon.icon-8dc916b31d216c6551fa7275df556c22.dt-icon-border-on:before {\n  border-style: double;\n}\n.dt-shortcode-icon.icon-8dc916b31d216c6551fa7275df556c22.dt-icon-hover-border-on:after {\n  border-width: 0px;\n  border-style: solid;\n}\n.dt-icon-border-dashed.dt-shortcode-icon.icon-8dc916b31d216c6551fa7275df556c22.dt-icon-hover-border-on:after {\n  border-style: dashed;\n}\n.dt-icon-border-dotted.dt-shortcode-icon.icon-8dc916b31d216c6551fa7275df556c22.dt-icon-hover-border-on:after {\n  border-style: dotted;\n}\n.dt-icon-border-double.dt-shortcode-icon.icon-8dc916b31d216c6551fa7275df556c22.dt-icon-hover-border-on:after {\n  border-style: double;\n}\n.dt-shortcode-icon.icon-8dc916b31d216c6551fa7275df556c22.dt-icon-hover-on:hover {\n  font-size: 26px;\n}\n#page .dt-shortcode-icon.icon-8dc916b31d216c6551fa7275df556c22.dt-icon-hover-on:hover .soc-font-icon,\n#phantom .dt-shortcode-icon.icon-8dc916b31d216c6551fa7275df556c22.dt-icon-hover-on:hover .soc-font-icon,\n#page .dt-shortcode-icon.icon-8dc916b31d216c6551fa7275df556c22.dt-icon-hover-on:hover .soc-icon,\n#phantom .dt-shortcode-icon.icon-8dc916b31d216c6551fa7275df556c22.dt-icon-hover-on:hover .soc-icon {\n  color: rgba(255,255,255,0.75);\n  background: none;\n}\n#page .dt-shortcode-icon.icon-8dc916b31d216c6551fa7275df556c22.dt-icon-hover-on:not(:hover) .soc-font-icon,\n#phantom .dt-shortcode-icon.icon-8dc916b31d216c6551fa7275df556c22.dt-icon-hover-on:not(:hover) .soc-font-icon,\n#page .dt-shortcode-icon.icon-8dc916b31d216c6551fa7275df556c22.dt-icon-hover-on:not(:hover) .soc-icon,\n#phantom .dt-shortcode-icon.icon-8dc916b31d216c6551fa7275df556c22.dt-icon-hover-on:not(:hover) .soc-icon,\n#page .dt-shortcode-icon.icon-8dc916b31d216c6551fa7275df556c22.dt-icon-hover-off .soc-font-icon,\n#phantom .dt-shortcode-icon.icon-8dc916b31d216c6551fa7275df556c22.dt-icon-hover-off .soc-font-icon,\n#page .dt-shortcode-icon.icon-8dc916b31d216c6551fa7275df556c22.dt-icon-hover-off .soc-icon,\n#phantom .dt-shortcode-icon.icon-8dc916b31d216c6551fa7275df556c22.dt-icon-hover-off .soc-icon {\n  color: #ffffff;\n  background: none;\n}\n.dt-shortcode-icon.icon-8dc916b31d216c6551fa7275df556c22 .soc-font-icon,\n.dt-shortcode-icon.icon-8dc916b31d216c6551fa7275df556c22 .soc-icon {\n  font-size: 26px;\n}<\/style><div class=\"dt-shortcode-icon-wrap  \"><a title=\"\" href=\"https:\/\/www.linkedin.com\/in\/nuriabonet\/\" target=\"_blank\" class=\"anchor-link fab fa-linkedin icon-8dc916b31d216c6551fa7275df556c22 dt-shortcode-icon dt-icon-bg-on dt-icon-border-on dt-icon-hover-border-on dt-icon-hover-on dt-icon-hover-bg-on  \" rel=\"noopener\"><span class=\"icon-inner\"><i class=\"dt-regular-icon soc-icon fab fa-linkedin\"><\/i><i class=\"dt-hover-icon soc-icon fab fa-linkedin\"><\/i><span class=\"screen-reader-text\"><\/span><\/span><\/a><\/div>[\/vc_column][vc_column css=&#8221;.vc_custom_1718185147706{padding-top: 0px !important;padding-right: 0px !important;padding-bottom: 0px !important;padding-left: 0px !important;}&#8221; offset=&#8221;vc_col-lg-offset-0 vc_col-lg-6&#8243;][\/vc_column][\/vc_row]<\/p>\n<\/div>","protected":false},"excerpt":{"rendered":"<p>[vc_row gap=&#8221;35&#8243; bg_type=&#8221;bg_color&#8221; bg_override=&#8221;full&#8221; css=&#8221;.vc_custom_1718181866726{padding-top: 100px !important;padding-bottom: 10px !important;}&#8221; bg_color_value=&#8221;#9ba993&#8243; el_class=&#8221;row-serveis&#8221;][vc_column css=&#8221;.vc_custom_1718185090141{padding-top: 40px !important;padding-right: 40px !important;padding-bottom: 40px !important;padding-left: 40px !important;background-color: #20271f !important;border-color: #ffffff !important;}&#8221; offset=&#8221;vc_col-lg-offset-0 vc_col-lg-6&#8243;][vc_column_text css=&#8221;&#8221;]Soc la N\u00faria Bonet, la persona darrere d\u2019aquest projecte. El que m\u2019ha portat fins aqu\u00ed \u00e9s una passi\u00f3, des de ben petita, per als idiomes, per a les cultures&hellip;<\/p>\n","protected":false},"author":2,"featured_media":0,"parent":0,"menu_order":0,"comment_status":"closed","ping_status":"closed","template":"","meta":{"footnotes":""},"class_list":["post-1430","page","type-page","status-publish","hentry","description-off"],"_links":{"self":[{"href":"https:\/\/nuriabonet.com\/ca\/wp-json\/wp\/v2\/pages\/1430","targetHints":{"allow":["GET"]}}],"collection":[{"href":"https:\/\/nuriabonet.com\/ca\/wp-json\/wp\/v2\/pages"}],"about":[{"href":"https:\/\/nuriabonet.com\/ca\/wp-json\/wp\/v2\/types\/page"}],"author":[{"embeddable":true,"href":"https:\/\/nuriabonet.com\/ca\/wp-json\/wp\/v2\/users\/2"}],"replies":[{"embeddable":true,"href":"https:\/\/nuriabonet.com\/ca\/wp-json\/wp\/v2\/comments?post=1430"}],"version-history":[{"count":35,"href":"https:\/\/nuriabonet.com\/ca\/wp-json\/wp\/v2\/pages\/1430\/revisions"}],"predecessor-version":[{"id":2007,"href":"https:\/\/nuriabonet.com\/ca\/wp-json\/wp\/v2\/pages\/1430\/revisions\/2007"}],"wp:attachment":[{"href":"https:\/\/nuriabonet.com\/ca\/wp-json\/wp\/v2\/media?parent=1430"}],"curies":[{"name":"wp","href":"https:\/\/api.w.org\/{rel}","templated":true}]}}